{"id":242,"date":"2020-05-13T03:08:13","date_gmt":"2020-05-13T01:08:13","guid":{"rendered":"https:\/\/www.iarobotics.cl\/?page_id=242"},"modified":"2020-11-09T16:11:58","modified_gmt":"2020-11-09T15:11:58","slug":"telemedicina","status":"publish","type":"page","link":"https:\/\/www.iarobotics.cl\/index.php\/telemedicina\/","title":{"rendered":"TeleMedicina"},"content":{"rendered":"\n<p>Usted Puede obtener esta aplicaci\u00f3n gratuita desde la tienda GooglePlay haciendo click en<strong> <a href=\"https:\/\/play.google.com\/store\/apps\/details?id=com.telemedicina.consultaremota\">Instalar en mi celular<\/a> <\/strong>o en la imagen a continuaci\u00f3n.  <\/p>\n\n\n\n<div class=\"wp-block-image\"><figure class=\"aligncenter size-large is-resized\"><a href=\"https:\/\/play.google.com\/store\/apps\/details?id=com.telemedicina.consultaremota\"><img decoding=\"async\" loading=\"lazy\" src=\"https:\/\/www.iarobotics.cl\/wp-content\/uploads\/2020\/05\/googlePlay-1024x468.png\" alt=\"\" class=\"wp-image-240\" width=\"163\" height=\"75\" srcset=\"https:\/\/www.iarobotics.cl\/wp-content\/uploads\/2020\/05\/googlePlay-1024x468.png 1024w, https:\/\/www.iarobotics.cl\/wp-content\/uploads\/2020\/05\/googlePlay-300x137.png 300w, https:\/\/www.iarobotics.cl\/wp-content\/uploads\/2020\/05\/googlePlay-768x351.png 768w, https:\/\/www.iarobotics.cl\/wp-content\/uploads\/2020\/05\/googlePlay.png 1160w\" sizes=\"(max-width: 163px) 100vw, 163px\" \/><\/a><figcaption> <\/figcaption><\/figure><\/div>\n\n\n\n<p>iaRobotics Chile pone a disposici\u00f3n de todas las personas la modalidad de atenci\u00f3n online integrado con Centro M\u00e9dico San Jos\u00e9, en la comuna de San Jos\u00e9 de la Mariquina, para que a trav\u00e9s de una consulta v\u00eda videoconferencia, puedan resolver sus dudas de salud desde su casa sin los peligros asociados a las aglomeraciones y respetando las condiciones de cuarentena.<\/p>\n\n\n\n<p><strong>TeleMedicina iaRobotics<\/strong>, permite entregar todas las funcionalidades de <strong>Agenda Horaria<\/strong>, <strong>TeleConsulta por Video Conferencia y Descarga de Recetas electr\u00f3nicas<\/strong>, mejorando en eficiencia la interacci\u00f3n de las personas y su Centro M\u00e9dico.<\/p>\n\n\n\n<p>TeleMedicina y <a href=\"https:\/\/www.iarobotics.cl\/index.php\/sistema-centro-medico\/\">Medical Care<\/a>, son dos productos de iaRobotics Chile. <\/p>\n\n\n\n<blockquote class=\"wp-block-quote\"><p><strong>Le recomendamos configurar la App con sus datos ahora, para que cuando lo necesite tenga acceso inmediato y sin perder tiempo a todas las prestaciones ofrecidas desde la seguridad de su hogar.<\/strong><\/p><\/blockquote>\n\n\n\n<p><\/p>\n\n\n\n<p><\/p>\n","protected":false},"excerpt":{"rendered":"<p>Usted Puede obtener esta aplicaci\u00f3n gratuita desde la tienda GooglePlay haciendo click en Instalar en mi celular o en la imagen a continuaci\u00f3n. iaRobotics Chile pone a disposici\u00f3n de todas las personas la modalidad de&#8230;<\/p>\n","protected":false},"author":1,"featured_media":243,"parent":0,"menu_order":0,"comment_status":"closed","ping_status":"closed","template":"","meta":{"footnotes":""},"_links":{"self":[{"href":"https:\/\/www.iarobotics.cl\/index.php\/wp-json\/wp\/v2\/pages\/242"}],"collection":[{"href":"https:\/\/www.iarobotics.cl\/index.php\/wp-json\/wp\/v2\/pages"}],"about":[{"href":"https:\/\/www.iarobotics.cl\/index.php\/wp-json\/wp\/v2\/types\/page"}],"author":[{"embeddable":true,"href":"https:\/\/www.iarobotics.cl\/index.php\/wp-json\/wp\/v2\/users\/1"}],"replies":[{"embeddable":true,"href":"https:\/\/www.iarobotics.cl\/index.php\/wp-json\/wp\/v2\/comments?post=242"}],"version-history":[{"count":19,"href":"https:\/\/www.iarobotics.cl\/index.php\/wp-json\/wp\/v2\/pages\/242\/revisions"}],"predecessor-version":[{"id":296,"href":"https:\/\/www.iarobotics.cl\/index.php\/wp-json\/wp\/v2\/pages\/242\/revisions\/296"}],"wp:featuredmedia":[{"embeddable":true,"href":"https:\/\/www.iarobotics.cl\/index.php\/wp-json\/wp\/v2\/media\/243"}],"wp:attachment":[{"href":"https:\/\/www.iarobotics.cl\/index.php\/wp-json\/wp\/v2\/media?parent=242"}],"curies":[{"name":"wp","href":"https:\/\/api.w.org\/{rel}","templated":true}]}}