{"id":86,"date":"2019-04-17T00:22:56","date_gmt":"2019-04-16T22:22:56","guid":{"rendered":"https:\/\/mirfak.iarobotics.cl\/?page_id=86"},"modified":"2023-10-25T16:41:30","modified_gmt":"2023-10-25T14:41:30","slug":"ingenieria-de-software","status":"publish","type":"page","link":"https:\/\/www.iarobotics.cl\/","title":{"rendered":"Ingenier\u00eda de Software"},"content":{"rendered":"\n<p>Desarrollo de software, ingenier\u00eda inversa, automatizaci\u00f3n, adaptaci\u00f3n y creaci\u00f3n de algoritmos, ejemplos de lenguajes y tecnolog\u00edas utilizadas.<\/p>\n\n\n\n<p><\/p>\n\n\n\n<figure class=\"wp-block-gallery has-nested-images columns-8 wp-block-gallery-1 is-layout-flex wp-block-gallery-is-layout-flex\">\n<figure class=\"wp-block-image size-large\"><img decoding=\"async\" loading=\"lazy\" width=\"684\" height=\"500\" data-id=\"100\" src=\"https:\/\/www.iarobotics.cl\/wp-content\/uploads\/2019\/04\/linux-logo-2-684x500.png\" alt=\"\" class=\"wp-image-100\" srcset=\"https:\/\/www.iarobotics.cl\/wp-content\/uploads\/2019\/04\/linux-logo-2-684x500.png 684w, https:\/\/www.iarobotics.cl\/wp-content\/uploads\/2019\/04\/linux-logo-2-684x500-300x219.png 300w\" sizes=\"(max-width: 684px) 100vw, 684px\" \/><\/figure>\n\n\n\n<figure class=\"wp-block-image size-large\"><img decoding=\"async\" loading=\"lazy\" width=\"136\" height=\"75\" data-id=\"101\" src=\"https:\/\/www.iarobotics.cl\/wp-content\/uploads\/2019\/04\/mysqli.png\" alt=\"\" class=\"wp-image-101\"\/><\/figure>\n\n\n\n<figure class=\"wp-block-image size-large\"><img decoding=\"async\" loading=\"lazy\" width=\"243\" height=\"207\" data-id=\"99\" src=\"https:\/\/www.iarobotics.cl\/wp-content\/uploads\/2019\/04\/descargar.png\" alt=\"\" class=\"wp-image-99\"\/><\/figure>\n\n\n\n<figure class=\"wp-block-image size-large\"><img decoding=\"async\" loading=\"lazy\" width=\"225\" height=\"225\" data-id=\"97\" src=\"https:\/\/www.iarobotics.cl\/wp-content\/uploads\/2019\/04\/descargar-4.png\" alt=\"\" class=\"wp-image-97\" srcset=\"https:\/\/www.iarobotics.cl\/wp-content\/uploads\/2019\/04\/descargar-4.png 225w, https:\/\/www.iarobotics.cl\/wp-content\/uploads\/2019\/04\/descargar-4-150x150.png 150w\" sizes=\"(max-width: 225px) 100vw, 225px\" \/><\/figure>\n\n\n\n<figure class=\"wp-block-image size-large\"><img decoding=\"async\" loading=\"lazy\" width=\"225\" height=\"225\" data-id=\"98\" src=\"https:\/\/www.iarobotics.cl\/wp-content\/uploads\/2019\/04\/descargar.jpeg\" alt=\"\" class=\"wp-image-98\" srcset=\"https:\/\/www.iarobotics.cl\/wp-content\/uploads\/2019\/04\/descargar.jpeg 225w, https:\/\/www.iarobotics.cl\/wp-content\/uploads\/2019\/04\/descargar-150x150.jpeg 150w\" sizes=\"(max-width: 225px) 100vw, 225px\" \/><\/figure>\n\n\n\n<figure class=\"wp-block-image size-large\"><img decoding=\"async\" loading=\"lazy\" width=\"225\" height=\"225\" data-id=\"96\" src=\"https:\/\/www.iarobotics.cl\/wp-content\/uploads\/2019\/04\/descargar-3.png\" alt=\"\" class=\"wp-image-96\" srcset=\"https:\/\/www.iarobotics.cl\/wp-content\/uploads\/2019\/04\/descargar-3.png 225w, https:\/\/www.iarobotics.cl\/wp-content\/uploads\/2019\/04\/descargar-3-150x150.png 150w\" sizes=\"(max-width: 225px) 100vw, 225px\" \/><\/figure>\n\n\n\n<figure class=\"wp-block-image size-large\"><img decoding=\"async\" loading=\"lazy\" width=\"245\" height=\"138\" data-id=\"92\" src=\"https:\/\/www.iarobotics.cl\/wp-content\/uploads\/2019\/04\/245px-\u041b\u043e\u0433\u043e_\u0436\u0430\u0432\u0430.png\" alt=\"\" class=\"wp-image-92\"\/><\/figure>\n\n\n\n<figure class=\"wp-block-image size-large\"><img decoding=\"async\" loading=\"lazy\" width=\"245\" height=\"245\" data-id=\"91\" src=\"https:\/\/www.iarobotics.cl\/wp-content\/uploads\/2019\/04\/245px-DigitalOcean_logo.svg_.png\" alt=\"\" class=\"wp-image-91\" srcset=\"https:\/\/www.iarobotics.cl\/wp-content\/uploads\/2019\/04\/245px-DigitalOcean_logo.svg_.png 245w, https:\/\/www.iarobotics.cl\/wp-content\/uploads\/2019\/04\/245px-DigitalOcean_logo.svg_-150x150.png 150w\" sizes=\"(max-width: 245px) 100vw, 245px\" \/><\/figure>\n\n\n\n<figure class=\"wp-block-image size-large\"><img decoding=\"async\" loading=\"lazy\" width=\"245\" height=\"147\" data-id=\"90\" src=\"https:\/\/www.iarobotics.cl\/wp-content\/uploads\/2019\/04\/245px-Amazon_Web_Services_Logo.svg_.png\" alt=\"\" class=\"wp-image-90\"\/><\/figure>\n\n\n\n<figure class=\"wp-block-image size-large\"><img decoding=\"async\" loading=\"lazy\" width=\"200\" height=\"200\" data-id=\"89\" src=\"https:\/\/www.iarobotics.cl\/wp-content\/uploads\/2019\/04\/200px-Python-logo-notext.svg_.png\" alt=\"\" class=\"wp-image-89\" srcset=\"https:\/\/www.iarobotics.cl\/wp-content\/uploads\/2019\/04\/200px-Python-logo-notext.svg_.png 200w, https:\/\/www.iarobotics.cl\/wp-content\/uploads\/2019\/04\/200px-Python-logo-notext.svg_-150x150.png 150w\" sizes=\"(max-width: 200px) 100vw, 200px\" \/><\/figure>\n\n\n\n<figure class=\"wp-block-image size-large\"><img decoding=\"async\" loading=\"lazy\" width=\"128\" height=\"128\" data-id=\"93\" src=\"https:\/\/www.iarobotics.cl\/wp-content\/uploads\/2019\/04\/beaver-head.png\" alt=\"\" class=\"wp-image-93\"\/><\/figure>\n\n\n\n<figure class=\"wp-block-image size-large\"><img decoding=\"async\" loading=\"lazy\" width=\"241\" height=\"209\" data-id=\"94\" src=\"https:\/\/www.iarobotics.cl\/wp-content\/uploads\/2019\/04\/descargar-1.png\" alt=\"\" class=\"wp-image-94\"\/><\/figure>\n\n\n\n<figure class=\"wp-block-image size-large\"><img decoding=\"async\" loading=\"lazy\" width=\"306\" height=\"164\" data-id=\"95\" src=\"https:\/\/www.iarobotics.cl\/wp-content\/uploads\/2019\/04\/descargar-2.png\" alt=\"\" class=\"wp-image-95\" srcset=\"https:\/\/www.iarobotics.cl\/wp-content\/uploads\/2019\/04\/descargar-2.png 306w, https:\/\/www.iarobotics.cl\/wp-content\/uploads\/2019\/04\/descargar-2-300x161.png 300w\" sizes=\"(max-width: 306px) 100vw, 306px\" \/><\/figure>\n<\/figure>\n\n\n\n<p><\/p>\n","protected":false},"excerpt":{"rendered":"<p>Desarrollo de software, ingenier\u00eda inversa, automatizaci\u00f3n, adaptaci\u00f3n y creaci\u00f3n de algoritmos, ejemplos de lenguajes y tecnolog\u00edas utilizadas.<\/p>\n","protected":false},"author":1,"featured_media":112,"parent":0,"menu_order":0,"comment_status":"closed","ping_status":"closed","template":"","meta":{"footnotes":""},"_links":{"self":[{"href":"https:\/\/www.iarobotics.cl\/index.php\/wp-json\/wp\/v2\/pages\/86"}],"collection":[{"href":"https:\/\/www.iarobotics.cl\/index.php\/wp-json\/wp\/v2\/pages"}],"about":[{"href":"https:\/\/www.iarobotics.cl\/index.php\/wp-json\/wp\/v2\/types\/page"}],"author":[{"embeddable":true,"href":"https:\/\/www.iarobotics.cl\/index.php\/wp-json\/wp\/v2\/users\/1"}],"replies":[{"embeddable":true,"href":"https:\/\/www.iarobotics.cl\/index.php\/wp-json\/wp\/v2\/comments?post=86"}],"version-history":[{"count":4,"href":"https:\/\/www.iarobotics.cl\/index.php\/wp-json\/wp\/v2\/pages\/86\/revisions"}],"predecessor-version":[{"id":354,"href":"https:\/\/www.iarobotics.cl\/index.php\/wp-json\/wp\/v2\/pages\/86\/revisions\/354"}],"wp:featuredmedia":[{"embeddable":true,"href":"https:\/\/www.iarobotics.cl\/index.php\/wp-json\/wp\/v2\/media\/112"}],"wp:attachment":[{"href":"https:\/\/www.iarobotics.cl\/index.php\/wp-json\/wp\/v2\/media?parent=86"}],"curies":[{"name":"wp","href":"https:\/\/api.w.org\/{rel}","templated":true}]}}